{"id":17,"date":"2018-04-08T08:13:20","date_gmt":"2018-04-08T08:13:20","guid":{"rendered":"https:\/\/demo.afthemes.com\/elegant-magazine-pro\/?page_id=17"},"modified":"2025-08-18T17:01:05","modified_gmt":"2025-08-18T17:01:05","slug":"home","status":"publish","type":"page","link":"https:\/\/beargryllsgear.org\/ro\/","title":{"rendered":"Acas\u0103"},"content":{"rendered":"","protected":false},"excerpt":{"rendered":"","protected":false},"author":3,"featured_media":0,"parent":0,"menu_order":0,"comment_status":"closed","ping_status":"closed","template":"tmpl-front-page.php","meta":{"footnotes":""},"class_list":["post-17","page","type-page","status-publish","hentry"],"yoast_head":"<!-- This site is optimized with the Yoast SEO plugin v27.5 - https:\/\/yoast.com\/product\/yoast-seo-wordpress\/ -->\n<title>Home | Beargryllsgear<\/title>\n<meta name=\"description\" content=\"Discover expert tips on camping, climbing, fishing, survival, fitness &amp; more at BearGryllsGear.org. Start your adventure today!\" \/>\n<meta name=\"robots\" content=\"index, follow, max-snippet:-1, max-image-preview:large, max-video-preview:-1\" \/>\n<link rel=\"canonical\" href=\"https:\/\/beargryllsgear.org\/ro\/\" \/>\n<meta property=\"og:locale\" content=\"ro_RO\" \/>\n<meta property=\"og:type\" content=\"article\" \/>\n<meta property=\"og:title\" content=\"Home | Beargryllsgear\" \/>\n<meta property=\"og:description\" content=\"Discover expert tips on camping, climbing, fishing, survival, fitness &amp; more at BearGryllsGear.org. Start your adventure today!\" \/>\n<meta property=\"og:url\" content=\"https:\/\/beargryllsgear.org\/ro\/\" \/>\n<meta property=\"og:site_name\" content=\"Beargryllsgear\" \/>\n<meta property=\"article:modified_time\" content=\"2025-08-18T17:01:05+00:00\" \/>\n<meta name=\"twitter:card\" content=\"summary_large_image\" \/>\n<script type=\"application\/ld+json\" class=\"yoast-schema-graph\">{\"@context\":\"https:\\\/\\\/schema.org\",\"@graph\":[{\"@type\":\"WebPage\",\"@id\":\"https:\\\/\\\/beargryllsgear.org\\\/\",\"url\":\"https:\\\/\\\/beargryllsgear.org\\\/\",\"name\":\"Home | Beargryllsgear\",\"isPartOf\":{\"@id\":\"https:\\\/\\\/beargryllsgear.org\\\/#website\"},\"datePublished\":\"2018-04-08T08:13:20+00:00\",\"dateModified\":\"2025-08-18T17:01:05+00:00\",\"description\":\"Discover expert tips on camping, climbing, fishing, survival, fitness & more at BearGryllsGear.org. Start your adventure today!\",\"breadcrumb\":{\"@id\":\"https:\\\/\\\/beargryllsgear.org\\\/#breadcrumb\"},\"inLanguage\":\"ro-RO\",\"potentialAction\":[{\"@type\":\"ReadAction\",\"target\":[\"https:\\\/\\\/beargryllsgear.org\\\/\"]}]},{\"@type\":\"BreadcrumbList\",\"@id\":\"https:\\\/\\\/beargryllsgear.org\\\/#breadcrumb\",\"itemListElement\":[{\"@type\":\"ListItem\",\"position\":1,\"name\":\"Bear Grylls Gear\",\"item\":\"https:\\\/\\\/beargryllsgear.org\\\/\"},{\"@type\":\"ListItem\",\"position\":2,\"name\":\"Home\"}]},{\"@type\":\"WebSite\",\"@id\":\"https:\\\/\\\/beargryllsgear.org\\\/#website\",\"url\":\"https:\\\/\\\/beargryllsgear.org\\\/\",\"name\":\"Beargryllsgear\",\"description\":\"Survive in the Wild With the Latest Gear\",\"publisher\":{\"@id\":\"https:\\\/\\\/beargryllsgear.org\\\/#organization\"},\"potentialAction\":[{\"@type\":\"SearchAction\",\"target\":{\"@type\":\"EntryPoint\",\"urlTemplate\":\"https:\\\/\\\/beargryllsgear.org\\\/?s={search_term_string}\"},\"query-input\":{\"@type\":\"PropertyValueSpecification\",\"valueRequired\":true,\"valueName\":\"search_term_string\"}}],\"inLanguage\":\"ro-RO\"},{\"@type\":\"Organization\",\"@id\":\"https:\\\/\\\/beargryllsgear.org\\\/#organization\",\"name\":\"Bear Grylls Gear\",\"url\":\"https:\\\/\\\/beargryllsgear.org\\\/\",\"logo\":{\"@type\":\"ImageObject\",\"inLanguage\":\"ro-RO\",\"@id\":\"https:\\\/\\\/beargryllsgear.org\\\/#\\\/schema\\\/logo\\\/image\\\/\",\"url\":\"\",\"contentUrl\":\"\",\"caption\":\"Bear Grylls Gear\"},\"image\":{\"@id\":\"https:\\\/\\\/beargryllsgear.org\\\/#\\\/schema\\\/logo\\\/image\\\/\"}}]}<\/script>\n<!-- \/ Yoast SEO plugin. -->","yoast_head_json":{"title":"Home | Beargryllsgear","description":"Discover expert tips on camping, climbing, fishing, survival, fitness & more at BearGryllsGear.org. Start your adventure today!","robots":{"index":"index","follow":"follow","max-snippet":"max-snippet:-1","max-image-preview":"max-image-preview:large","max-video-preview":"max-video-preview:-1"},"canonical":"https:\/\/beargryllsgear.org\/ro\/","og_locale":"ro_RO","og_type":"article","og_title":"Home | Beargryllsgear","og_description":"Discover expert tips on camping, climbing, fishing, survival, fitness & more at BearGryllsGear.org. Start your adventure today!","og_url":"https:\/\/beargryllsgear.org\/ro\/","og_site_name":"Beargryllsgear","article_modified_time":"2025-08-18T17:01:05+00:00","twitter_card":"summary_large_image","schema":{"@context":"https:\/\/schema.org","@graph":[{"@type":"WebPage","@id":"https:\/\/beargryllsgear.org\/","url":"https:\/\/beargryllsgear.org\/","name":"Home | Beargryllsgear","isPartOf":{"@id":"https:\/\/beargryllsgear.org\/#website"},"datePublished":"2018-04-08T08:13:20+00:00","dateModified":"2025-08-18T17:01:05+00:00","description":"Discover expert tips on camping, climbing, fishing, survival, fitness & more at BearGryllsGear.org. Start your adventure today!","breadcrumb":{"@id":"https:\/\/beargryllsgear.org\/#breadcrumb"},"inLanguage":"ro-RO","potentialAction":[{"@type":"ReadAction","target":["https:\/\/beargryllsgear.org\/"]}]},{"@type":"BreadcrumbList","@id":"https:\/\/beargryllsgear.org\/#breadcrumb","itemListElement":[{"@type":"ListItem","position":1,"name":"Bear Grylls Gear","item":"https:\/\/beargryllsgear.org\/"},{"@type":"ListItem","position":2,"name":"Home"}]},{"@type":"WebSite","@id":"https:\/\/beargryllsgear.org\/#website","url":"https:\/\/beargryllsgear.org\/","name":"Beargryllsgear","description":"Supravie\u021bui\u021bi \u00een s\u0103lb\u0103ticie cu cele mai noi echipamente","publisher":{"@id":"https:\/\/beargryllsgear.org\/#organization"},"potentialAction":[{"@type":"SearchAction","target":{"@type":"EntryPoint","urlTemplate":"https:\/\/beargryllsgear.org\/?s={search_term_string}"},"query-input":{"@type":"PropertyValueSpecification","valueRequired":true,"valueName":"search_term_string"}}],"inLanguage":"ro-RO"},{"@type":"Organization","@id":"https:\/\/beargryllsgear.org\/#organization","name":"Bear Grylls Gear","url":"https:\/\/beargryllsgear.org\/","logo":{"@type":"ImageObject","inLanguage":"ro-RO","@id":"https:\/\/beargryllsgear.org\/#\/schema\/logo\/image\/","url":"","contentUrl":"","caption":"Bear Grylls Gear"},"image":{"@id":"https:\/\/beargryllsgear.org\/#\/schema\/logo\/image\/"}}]}},"_links":{"self":[{"href":"https:\/\/beargryllsgear.org\/ro\/wp-json\/wp\/v2\/pages\/17","targetHints":{"allow":["GET"]}}],"collection":[{"href":"https:\/\/beargryllsgear.org\/ro\/wp-json\/wp\/v2\/pages"}],"about":[{"href":"https:\/\/beargryllsgear.org\/ro\/wp-json\/wp\/v2\/types\/page"}],"author":[{"embeddable":true,"href":"https:\/\/beargryllsgear.org\/ro\/wp-json\/wp\/v2\/users\/3"}],"replies":[{"embeddable":true,"href":"https:\/\/beargryllsgear.org\/ro\/wp-json\/wp\/v2\/comments?post=17"}],"version-history":[{"count":1,"href":"https:\/\/beargryllsgear.org\/ro\/wp-json\/wp\/v2\/pages\/17\/revisions"}],"predecessor-version":[{"id":9238,"href":"https:\/\/beargryllsgear.org\/ro\/wp-json\/wp\/v2\/pages\/17\/revisions\/9238"}],"wp:attachment":[{"href":"https:\/\/beargryllsgear.org\/ro\/wp-json\/wp\/v2\/media?parent=17"}],"curies":[{"name":"wp","href":"https:\/\/api.w.org\/{rel}","templated":true}]}}