{"id":39,"date":"2022-04-03T13:46:31","date_gmt":"2022-04-03T13:46:31","guid":{"rendered":"https:\/\/beargryllsgear.org\/?page_id=39"},"modified":"2023-07-26T00:38:28","modified_gmt":"2023-07-26T00:38:28","slug":"about","status":"publish","type":"page","link":"https:\/\/beargryllsgear.org\/ro\/despre\/","title":{"rendered":"Despre"},"content":{"rendered":"<figure style=\"width:200px; float: left; margin-right:20px\" class=\"wp-block-image size-large is-resized\"><img fetchpriority=\"high\" decoding=\"async\" class=\"wp-image-40\" src=\"https:\/\/beargryllsgear.org\/wp-content\/uploads\/2022\/04\/avatar-e48592f72d208259a89b7c87a9b51a18-1024x1024.jpg\" alt=\"Daniel Baldwin - Autor \u00een echipament Bear Grylls\" width=\"669\" height=\"669\" srcset=\"https:\/\/beargryllsgear.org\/wp-content\/uploads\/2022\/04\/avatar-e48592f72d208259a89b7c87a9b51a18.jpg 1024w, https:\/\/beargryllsgear.org\/wp-content\/uploads\/2022\/04\/avatar-e48592f72d208259a89b7c87a9b51a18-300x300.jpg 300w, https:\/\/beargryllsgear.org\/wp-content\/uploads\/2022\/04\/avatar-e48592f72d208259a89b7c87a9b51a18-150x150.jpg 150w, https:\/\/beargryllsgear.org\/wp-content\/uploads\/2022\/04\/avatar-e48592f72d208259a89b7c87a9b51a18-768x768.jpg 768w\" sizes=\"(max-width: 669px) 100vw, 669px\" \/><\/figure>\r\n\r\n\r\n\r\n<p>Hi, I&rsquo;m Daniel Baldwin! An adventurer and a survivalist.<\/p>\r\n\r\n\r\n\r\n<p>Iubesc aventurile \u0219i activit\u0103\u021bile \u00een aer liber<\/p>\r\n\r\n\r\n\r\n<p>I have come to understanding that outdoor activities of any kind are great for one&rsquo;s physical and mental health. It is a good way to get away from the stress of everyday life. I also love to explore new places, meet new people, and try out new things.<\/p>\r\n\r\n\r\n\r\n<p>I am always looking for new places to explore. I&rsquo;ve been fortunate enough to have visited more than 20 countries so far!<\/p>\r\n\r\n\r\n\r\n<p>Sunt un adev\u0103rat explorator \u00een suflet, c\u0103ruia \u00eei place s\u0103 exploreze locuri noi, s\u0103 g\u0103seasc\u0103 pietre ascunse printre st\u00e2nci \u0219i copaci, s\u0103 mearg\u0103 \u00een drume\u021bii \u0219i s\u0103 campeze sub stele!<\/p>\r\n\r\n\r\n\r\n<p>De asemenea, \u00eemi place s\u0103 c\u0103l\u0103toresc \u0219i s\u0103 explorez locuri noi. Unul dintre lucrurile pe care le prefer este s\u0103 vizitez un ora\u0219 sau o \u021bar\u0103 nou\u0103 \u0219i s\u0103 m\u0103 plimb prin jur, absorbind atmosfera.<\/p>\r\n\r\n\r\n\r\n<p>Dup\u0103 ce am testat sute sau chiar mii de produse de echipament outdoor, am decis s\u0103 alc\u0103tuiesc un blog informativ pentru cele mai fiabile \u0219i durabile produse pentru activit\u0103\u021bi \u00een aer liber.<\/p>\r\n\r\n\r\n\r\n<p>Am ales s\u0103 scriu despre unele dintre cele mai bune op\u021biuni din fiecare categorie pentru a v\u0103 facilita g\u0103sirea echipamentului perfect pentru nevoile dumneavoastr\u0103.<\/p>\r\n\r\n\r\n\r\n<p>Pentru orice \u00eentreb\u0103ri, nu ezita\u021bi s\u0103 v\u0103 adresa\u021bi la <a href=\"https:\/\/beargryllsgear.org\/ro\/contact\/\">contacta\u021bi-m\u0103 aici<\/a> and I&rsquo;ll answer as soon as possible.<\/p>","protected":false},"excerpt":{"rendered":"<figure style=\"width:200px; float: left; margin-right:20px\" class=\"wp-block-image size-large is-resized\"><img fetchpriority=\"high\" decoding=\"async\" class=\"wp-image-40\" src=\"https:\/\/beargryllsgear.org\/wp-content\/uploads\/2022\/04\/avatar-e48592f72d208259a89b7c87a9b51a18-1024x1024.jpg\" alt=\"Daniel Baldwin - Autor \u00een echipament Bear Grylls\" width=\"669\" height=\"669\" srcset=\"https:\/\/beargryllsgear.org\/wp-content\/uploads\/2022\/04\/avatar-e48592f72d208259a89b7c87a9b51a18.jpg 1024w, https:\/\/beargryllsgear.org\/wp-content\/uploads\/2022\/04\/avatar-e48592f72d208259a89b7c87a9b51a18-300x300.jpg 300w, https:\/\/beargryllsgear.org\/wp-content\/uploads\/2022\/04\/avatar-e48592f72d208259a89b7c87a9b51a18-150x150.jpg 150w, https:\/\/beargryllsgear.org\/wp-content\/uploads\/2022\/04\/avatar-e48592f72d208259a89b7c87a9b51a18-768x768.jpg 768w\" sizes=\"(max-width: 669px) 100vw, 669px\" \/><\/figure>\n<p>Hi, I&rsquo;m Daniel Baldwin! An adventurer and a survivalist.<\/p>","protected":false},"author":3,"featured_media":0,"parent":0,"menu_order":0,"comment_status":"closed","ping_status":"closed","template":"","meta":{"footnotes":""},"class_list":["post-39","page","type-page","status-publish","hentry"],"yoast_head":"<!-- This site is optimized with the Yoast SEO plugin v27.5 - https:\/\/yoast.com\/product\/yoast-seo-wordpress\/ -->\n<title>About | Beargryllsgear<\/title>\n<meta name=\"description\" content=\"About Bear Grylls Gear -&gt; Meet Daniel Baldwin and his passion to Outdoor activities, survival and his love to write about outdoor gear. &gt;&gt;\" \/>\n<meta name=\"robots\" content=\"index, follow, max-snippet:-1, max-image-preview:large, max-video-preview:-1\" \/>\n<link rel=\"canonical\" href=\"https:\/\/beargryllsgear.org\/ro\/about\/\" \/>\n<meta property=\"og:locale\" content=\"ro_RO\" \/>\n<meta property=\"og:type\" content=\"article\" \/>\n<meta property=\"og:title\" content=\"About | Beargryllsgear\" \/>\n<meta property=\"og:description\" content=\"About Bear Grylls Gear -&gt; Meet Daniel Baldwin and his passion to Outdoor activities, survival and his love to write about outdoor gear. &gt;&gt;\" \/>\n<meta property=\"og:url\" content=\"https:\/\/beargryllsgear.org\/ro\/about\/\" \/>\n<meta property=\"og:site_name\" content=\"Beargryllsgear\" \/>\n<meta property=\"article:modified_time\" content=\"2023-07-26T00:38:28+00:00\" \/>\n<meta property=\"og:image\" content=\"https:\/\/beargryllsgear.org\/wp-content\/uploads\/2022\/04\/avatar-e48592f72d208259a89b7c87a9b51a18-1024x1024.jpg\" \/>\n<meta name=\"twitter:card\" content=\"summary_large_image\" \/>\n<meta name=\"twitter:label1\" content=\"Timp estimat pentru citire\" \/>\n\t<meta name=\"twitter:data1\" content=\"2 minute\" \/>\n<script type=\"application\/ld+json\" class=\"yoast-schema-graph\">{\"@context\":\"https:\\\/\\\/schema.org\",\"@graph\":[{\"@type\":\"WebPage\",\"@id\":\"https:\\\/\\\/beargryllsgear.org\\\/about\\\/\",\"url\":\"https:\\\/\\\/beargryllsgear.org\\\/about\\\/\",\"name\":\"About | Beargryllsgear\",\"isPartOf\":{\"@id\":\"https:\\\/\\\/beargryllsgear.org\\\/#website\"},\"primaryImageOfPage\":{\"@id\":\"https:\\\/\\\/beargryllsgear.org\\\/about\\\/#primaryimage\"},\"image\":{\"@id\":\"https:\\\/\\\/beargryllsgear.org\\\/about\\\/#primaryimage\"},\"thumbnailUrl\":\"https:\\\/\\\/beargryllsgear.org\\\/wp-content\\\/uploads\\\/2022\\\/04\\\/avatar-e48592f72d208259a89b7c87a9b51a18-1024x1024.jpg\",\"datePublished\":\"2022-04-03T13:46:31+00:00\",\"dateModified\":\"2023-07-26T00:38:28+00:00\",\"description\":\"About Bear Grylls Gear -> Meet Daniel Baldwin and his passion to Outdoor activities, survival and his love to write about outdoor gear. >>\",\"breadcrumb\":{\"@id\":\"https:\\\/\\\/beargryllsgear.org\\\/about\\\/#breadcrumb\"},\"inLanguage\":\"ro-RO\",\"potentialAction\":[{\"@type\":\"ReadAction\",\"target\":[\"https:\\\/\\\/beargryllsgear.org\\\/about\\\/\"]}]},{\"@type\":\"ImageObject\",\"inLanguage\":\"ro-RO\",\"@id\":\"https:\\\/\\\/beargryllsgear.org\\\/about\\\/#primaryimage\",\"url\":\"https:\\\/\\\/beargryllsgear.org\\\/wp-content\\\/uploads\\\/2022\\\/04\\\/avatar-e48592f72d208259a89b7c87a9b51a18-1024x1024.jpg\",\"contentUrl\":\"https:\\\/\\\/beargryllsgear.org\\\/wp-content\\\/uploads\\\/2022\\\/04\\\/avatar-e48592f72d208259a89b7c87a9b51a18-1024x1024.jpg\"},{\"@type\":\"BreadcrumbList\",\"@id\":\"https:\\\/\\\/beargryllsgear.org\\\/about\\\/#breadcrumb\",\"itemListElement\":[{\"@type\":\"ListItem\",\"position\":1,\"name\":\"Bear Grylls Gear\",\"item\":\"https:\\\/\\\/beargryllsgear.org\\\/\"},{\"@type\":\"ListItem\",\"position\":2,\"name\":\"About\"}]},{\"@type\":\"WebSite\",\"@id\":\"https:\\\/\\\/beargryllsgear.org\\\/#website\",\"url\":\"https:\\\/\\\/beargryllsgear.org\\\/\",\"name\":\"Beargryllsgear\",\"description\":\"Survive in the Wild With the Latest Gear\",\"publisher\":{\"@id\":\"https:\\\/\\\/beargryllsgear.org\\\/#organization\"},\"potentialAction\":[{\"@type\":\"SearchAction\",\"target\":{\"@type\":\"EntryPoint\",\"urlTemplate\":\"https:\\\/\\\/beargryllsgear.org\\\/?s={search_term_string}\"},\"query-input\":{\"@type\":\"PropertyValueSpecification\",\"valueRequired\":true,\"valueName\":\"search_term_string\"}}],\"inLanguage\":\"ro-RO\"},{\"@type\":\"Organization\",\"@id\":\"https:\\\/\\\/beargryllsgear.org\\\/#organization\",\"name\":\"Bear Grylls Gear\",\"url\":\"https:\\\/\\\/beargryllsgear.org\\\/\",\"logo\":{\"@type\":\"ImageObject\",\"inLanguage\":\"ro-RO\",\"@id\":\"https:\\\/\\\/beargryllsgear.org\\\/#\\\/schema\\\/logo\\\/image\\\/\",\"url\":\"\",\"contentUrl\":\"\",\"caption\":\"Bear Grylls Gear\"},\"image\":{\"@id\":\"https:\\\/\\\/beargryllsgear.org\\\/#\\\/schema\\\/logo\\\/image\\\/\"}}]}<\/script>\n<!-- \/ Yoast SEO plugin. -->","yoast_head_json":{"title":"About | Beargryllsgear","description":"Despre Bear Grylls Gear -&gt; Face\u021bi cuno\u0219tin\u021b\u0103 cu Daniel Baldwin \u0219i pasiunea sa pentru activit\u0103\u021bile \u00een aer liber, supravie\u021buire \u0219i dragostea sa de a scrie despre echipamente de exterior. &gt;&gt;","robots":{"index":"index","follow":"follow","max-snippet":"max-snippet:-1","max-image-preview":"max-image-preview:large","max-video-preview":"max-video-preview:-1"},"canonical":"https:\/\/beargryllsgear.org\/ro\/about\/","og_locale":"ro_RO","og_type":"article","og_title":"About | Beargryllsgear","og_description":"About Bear Grylls Gear -> Meet Daniel Baldwin and his passion to Outdoor activities, survival and his love to write about outdoor gear. >>","og_url":"https:\/\/beargryllsgear.org\/ro\/about\/","og_site_name":"Beargryllsgear","article_modified_time":"2023-07-26T00:38:28+00:00","og_image":[{"url":"https:\/\/beargryllsgear.org\/wp-content\/uploads\/2022\/04\/avatar-e48592f72d208259a89b7c87a9b51a18-1024x1024.jpg","type":"","width":"","height":""}],"twitter_card":"summary_large_image","twitter_misc":{"Timp estimat pentru citire":"2 minute"},"schema":{"@context":"https:\/\/schema.org","@graph":[{"@type":"WebPage","@id":"https:\/\/beargryllsgear.org\/about\/","url":"https:\/\/beargryllsgear.org\/about\/","name":"About | Beargryllsgear","isPartOf":{"@id":"https:\/\/beargryllsgear.org\/#website"},"primaryImageOfPage":{"@id":"https:\/\/beargryllsgear.org\/about\/#primaryimage"},"image":{"@id":"https:\/\/beargryllsgear.org\/about\/#primaryimage"},"thumbnailUrl":"https:\/\/beargryllsgear.org\/wp-content\/uploads\/2022\/04\/avatar-e48592f72d208259a89b7c87a9b51a18-1024x1024.jpg","datePublished":"2022-04-03T13:46:31+00:00","dateModified":"2023-07-26T00:38:28+00:00","description":"Despre Bear Grylls Gear -&gt; Face\u021bi cuno\u0219tin\u021b\u0103 cu Daniel Baldwin \u0219i pasiunea sa pentru activit\u0103\u021bile \u00een aer liber, supravie\u021buire \u0219i dragostea sa de a scrie despre echipamente de exterior. &gt;&gt;","breadcrumb":{"@id":"https:\/\/beargryllsgear.org\/about\/#breadcrumb"},"inLanguage":"ro-RO","potentialAction":[{"@type":"ReadAction","target":["https:\/\/beargryllsgear.org\/about\/"]}]},{"@type":"ImageObject","inLanguage":"ro-RO","@id":"https:\/\/beargryllsgear.org\/about\/#primaryimage","url":"https:\/\/beargryllsgear.org\/wp-content\/uploads\/2022\/04\/avatar-e48592f72d208259a89b7c87a9b51a18-1024x1024.jpg","contentUrl":"https:\/\/beargryllsgear.org\/wp-content\/uploads\/2022\/04\/avatar-e48592f72d208259a89b7c87a9b51a18-1024x1024.jpg"},{"@type":"BreadcrumbList","@id":"https:\/\/beargryllsgear.org\/about\/#breadcrumb","itemListElement":[{"@type":"ListItem","position":1,"name":"Bear Grylls Gear","item":"https:\/\/beargryllsgear.org\/"},{"@type":"ListItem","position":2,"name":"About"}]},{"@type":"WebSite","@id":"https:\/\/beargryllsgear.org\/#website","url":"https:\/\/beargryllsgear.org\/","name":"Beargryllsgear","description":"Supravie\u021bui\u021bi \u00een s\u0103lb\u0103ticie cu cele mai noi echipamente","publisher":{"@id":"https:\/\/beargryllsgear.org\/#organization"},"potentialAction":[{"@type":"SearchAction","target":{"@type":"EntryPoint","urlTemplate":"https:\/\/beargryllsgear.org\/?s={search_term_string}"},"query-input":{"@type":"PropertyValueSpecification","valueRequired":true,"valueName":"search_term_string"}}],"inLanguage":"ro-RO"},{"@type":"Organization","@id":"https:\/\/beargryllsgear.org\/#organization","name":"Bear Grylls Gear","url":"https:\/\/beargryllsgear.org\/","logo":{"@type":"ImageObject","inLanguage":"ro-RO","@id":"https:\/\/beargryllsgear.org\/#\/schema\/logo\/image\/","url":"","contentUrl":"","caption":"Bear Grylls Gear"},"image":{"@id":"https:\/\/beargryllsgear.org\/#\/schema\/logo\/image\/"}}]}},"_links":{"self":[{"href":"https:\/\/beargryllsgear.org\/ro\/wp-json\/wp\/v2\/pages\/39","targetHints":{"allow":["GET"]}}],"collection":[{"href":"https:\/\/beargryllsgear.org\/ro\/wp-json\/wp\/v2\/pages"}],"about":[{"href":"https:\/\/beargryllsgear.org\/ro\/wp-json\/wp\/v2\/types\/page"}],"author":[{"embeddable":true,"href":"https:\/\/beargryllsgear.org\/ro\/wp-json\/wp\/v2\/users\/3"}],"replies":[{"embeddable":true,"href":"https:\/\/beargryllsgear.org\/ro\/wp-json\/wp\/v2\/comments?post=39"}],"version-history":[{"count":0,"href":"https:\/\/beargryllsgear.org\/ro\/wp-json\/wp\/v2\/pages\/39\/revisions"}],"wp:attachment":[{"href":"https:\/\/beargryllsgear.org\/ro\/wp-json\/wp\/v2\/media?parent=39"}],"curies":[{"name":"wp","href":"https:\/\/api.w.org\/{rel}","templated":true}]}}