{"id":43,"date":"2022-04-03T13:52:47","date_gmt":"2022-04-03T13:52:47","guid":{"rendered":"https:\/\/beargryllsgear.org\/?page_id=43"},"modified":"2023-07-26T00:25:42","modified_gmt":"2023-07-26T00:25:42","slug":"terms-condition","status":"publish","type":"page","link":"https:\/\/beargryllsgear.org\/ro\/termeni-de-serviciu-2\/","title":{"rendered":"Termeni \u0219i condi\u021bii"},"content":{"rendered":"<p>Bine a\u021bi venit la Bear Grylls Gear!<\/p>\r\n<p>These terms and conditions outline the rules and regulations for the use of Bear Grylls Gear&rsquo;s Website, located at https:\/\/beargryllsgear.org\/.<\/p>\r\n<p>Prin accesarea acestui site web, presupunem c\u0103 accepta\u021bi ace\u0219ti termeni \u0219i condi\u021bii. Nu continua\u021bi s\u0103 utiliza\u021bi Bear Grylls Gear dac\u0103 nu sunte\u021bi de acord s\u0103 accepta\u021bi to\u021bi termenii \u0219i condi\u021biile men\u021bionate pe aceast\u0103 pagin\u0103.<\/p>\r\n<p>The following terminology applies to these Terms and Conditions, Privacy Statement and Disclaimer Notice and all Agreements: &ldquo;Client&rdquo;, &ldquo;You&rdquo; and &ldquo;Your&rdquo; refers to you, the person log on this website and compliant to the Company&rsquo;s terms and conditions. &ldquo;The Company&rdquo;, &ldquo;Ourselves&rdquo;, &ldquo;We&rdquo;, &ldquo;Our&rdquo; and &ldquo;Us&rdquo;, refers to our Company. &ldquo;Party&rdquo;, &ldquo;Parties&rdquo;, or &ldquo;Us&rdquo;, refers to both the Client and ourselves. All terms refer to the offer, acceptance and consideration of payment necessary to undertake the process of our assistance to the Client in the most appropriate manner for the express purpose of meeting the Client&rsquo;s needs in respect of provision of the Company&rsquo;s stated services, in accordance with and subject to, prevailing law of Netherlands. Any use of the above terminology or other words in the singular, plural, capitalization and\/or he\/she or they, are taken as interchangeable and therefore as referring to same.&nbsp;<\/p>\r\n<h3><strong>Cookie-uri<\/strong><\/h3>\r\n<p>We employ the use of cookies. By accessing Bear Grylls Gear, you agreed to use cookies in agreement with the Bear Grylls Gear&rsquo;s Privacy Policy.<\/p>\r\n<p>Most interactive websites use cookies to let us retrieve the user&rsquo;s details for each visit. Cookies are used by our website to enable the functionality of certain areas to make it easier for people visiting our website. Some of our affiliate\/advertising partners may also use cookies.<\/p>\r\n<h3><strong>Licen\u021b\u0103<\/strong><\/h3>\r\n<p>Cu excep\u021bia cazului \u00een care se specific\u0103 altfel, Bear Grylls Gear \u0219i\/sau licen\u021biatorii s\u0103i de\u021bin drepturile de proprietate intelectual\u0103 pentru toate materialele de pe Bear Grylls Gear. Toate drepturile de proprietate intelectual\u0103 sunt rezervate. Pute\u021bi accesa acest material de pe Bear Grylls Gear pentru uz personal, sub rezerva restric\u021biilor stabilite \u00een ace\u0219ti termeni \u0219i condi\u021bii.<\/p>\r\n<p>Nu trebuie:<\/p>\r\n<ul>\r\n<li>Republicarea materialului de la Bear Grylls Gear<\/li>\r\n<li>V\u00e2nzarea, \u00eenchirierea sau sublicen\u021bierea materialelor de la Bear Grylls Gear<\/li>\r\n<li>Reproducerea, duplicarea sau copierea materialelor de la Bear Grylls Gear<\/li>\r\n<li>Redistribui\u021bi con\u021binutul de la Bear Grylls Gear<\/li>\r\n<\/ul>\r\n<p>Prezentul acord intr\u0103 \u00een vigoare la data prezentului acord.<\/p>\r\n<p>Unele p\u0103r\u021bi ale acestui site web ofer\u0103 utilizatorilor posibilitatea de a posta \u0219i de a face schimb de opinii \u0219i informa\u021bii \u00een anumite zone ale site-ului. Bear Grylls Gear nu filtreaz\u0103, nu editeaz\u0103, nu public\u0103 \u0219i nu revizuie\u0219te comentariile \u00eenainte de prezen\u021ba lor pe site. Comentariile nu reflect\u0103 punctele de vedere \u0219i opiniile Bear Grylls Gear,ale agen\u021bilor \u0219i\/sau afilia\u021bilor s\u0103i. Comentariile reflect\u0103 punctele de vedere \u0219i opiniile persoanei care le posteaz\u0103. \u00cen m\u0103sura permis\u0103 de legile aplicabile, Bear Grylls Gear nu va fi r\u0103spunz\u0103tor pentru Comentarii sau pentru orice r\u0103spundere, daune sau cheltuieli cauzate \u0219i\/sau suferite ca urmare a utiliz\u0103rii \u0219i\/sau public\u0103rii \u0219i\/sau apari\u021biei Comentariilor pe acest site.<\/p>\r\n<p>Bear Grylls Gear \u00ee\u0219i rezerv\u0103 dreptul de a monitoriza toate comentariile \u0219i de a elimina orice comentariu care poate fi considerat nepotrivit, ofensator sau care \u00eencalc\u0103 ace\u0219ti Termeni \u0219i Condi\u021bii.<\/p>\r\n<p>Garanta\u021bi \u0219i declara\u021bi c\u0103:<\/p>\r\n<ul>\r\n<li>Ave\u021bi dreptul de a posta comentariile pe site-ul nostru \u0219i ave\u021bi toate licen\u021bele \u0219i consim\u021b\u0103mintele necesare pentru a face acest lucru;<\/li>\r\n<li>Comentariile nu \u00eencalc\u0103 niciun drept de proprietate intelectual\u0103, inclusiv, f\u0103r\u0103 a se limita la drepturi de autor, brevete sau m\u0103rci comerciale ale unei ter\u021be p\u0103r\u021bi;<\/li>\r\n<li>Comentariile nu con\u021bin materiale def\u0103im\u0103toare, calomnioase, jignitoare, indecente sau materiale ilegale care reprezint\u0103 o \u00eenc\u0103lcare a vie\u021bii private.<\/li>\r\n<li>Comentariile nu vor fi folosite pentru a solicita sau promova afaceri sau obiceiuri sau pentru a prezenta activit\u0103\u021bi comerciale sau activit\u0103\u021bi ilegale.<\/li>\r\n<\/ul>\r\n<p>Prin prezenta, acorda\u021bi lui Bear Grylls Gear o licen\u021b\u0103 neexclusiv\u0103 de a utiliza, reproduce, edita \u0219i autoriza pe al\u021bii s\u0103 utilizeze, reproduc\u0103 \u0219i editeze oricare dintre comentariile dvs. \u00een orice form\u0103, format sau suport.<\/p>\r\n<h3><strong>Hyperlinking c\u0103tre con\u021binutul nostru<\/strong><\/h3>\r\n<p>Urm\u0103toarele organiza\u021bii pot avea un link c\u0103tre site-ul nostru web f\u0103r\u0103 o aprobare scris\u0103 prealabil\u0103:<\/p>\r\n<ul>\r\n<li>Agen\u021bii guvernamentale;<\/li>\r\n<li>Motoare de c\u0103utare;<\/li>\r\n<li>Organiza\u021bii de pres\u0103;<\/li>\r\n<li>Distribuitorii de anuare online pot avea un link c\u0103tre site-ul nostru web \u00een acela\u0219i mod \u00een care au un hyperlink c\u0103tre site-urile web ale altor \u00eentreprinderi listate; \u0219i<\/li>\r\n<li>\u00centreprinderile acreditate la nivel de sistem, cu excep\u021bia organiza\u021biilor non-profit, a centrelor comerciale de caritate \u0219i a grupurilor de str\u00e2ngere de fonduri de caritate care nu pot avea un hyperlink c\u0103tre site-ul nostru web.<\/li>\r\n<\/ul>\r\n<p>These organizations may link to our home page, to publications or to other Website information so long as the link: (a) is not in any way deceptive; (b) does not falsely imply sponsorship, endorsement or approval of the linking party and its products and\/or services; and (c) fits within the context of the linking party&rsquo;s site.<\/p>\r\n<p>Este posibil s\u0103 lu\u0103m \u00een considerare \u0219i s\u0103 aprob\u0103m alte solicit\u0103ri de linkuri din partea urm\u0103toarelor tipuri de organiza\u021bii:<\/p>\r\n<ul>\r\n<li>surse de informare cunoscute \u00een mod obi\u0219nuit de c\u0103tre consumatori \u0219i\/sau \u00eentreprinderi;<\/li>\r\n<li>site-urile comunit\u0103\u021bii dot.com;<\/li>\r\n<li>asocia\u021bii sau alte grupuri care reprezint\u0103 organiza\u021bii de caritate;<\/li>\r\n<li>distribuitori de directoare online;<\/li>\r\n<li>portaluri de internet;<\/li>\r\n<li>firme de contabilitate, de avocatur\u0103 \u0219i de consultan\u021b\u0103; \u0219i<\/li>\r\n<li>institu\u021bii de \u00eenv\u0103\u021b\u0103m\u00e2nt \u0219i asocia\u021bii comerciale.<\/li>\r\n<\/ul>\r\n<p>Vom aproba cererile de linkuri de la aceste organiza\u021bii dac\u0103 vom decide acest lucru: (a) linkul nu ne-ar face s\u0103 ar\u0103t\u0103m \u00een mod nefavorabil pentru noi \u00een\u0219ine sau pentru afacerile noastre acreditate; (b) organiza\u021bia nu are \u00eenregistr\u0103ri negative cu noi; (c) beneficiul pentru noi din vizibilitatea hyperlink-ului compenseaz\u0103 absen\u021ba Bear Grylls Gear; \u0219i (d) linkul este \u00een contextul informa\u021biilor generale despre resurse.<\/p>\r\n<p>These organizations may link to our home page so long as the link: (a) is not in any way deceptive; (b) does not falsely imply sponsorship, endorsement or approval of the linking party and its products or services; and (c) fits within the context of the linking party&rsquo;s site.<\/p>\r\n<p>Dac\u0103 sunte\u021bi una dintre organiza\u021biile enumerate \u00een paragraful 2 de mai sus \u0219i sunte\u021bi interesat s\u0103 v\u0103 conecta\u021bi la site-ul nostru, trebuie s\u0103 ne informa\u021bi prin trimiterea unui e-mail la Bear Grylls Gear. V\u0103 rug\u0103m s\u0103 include\u021bi numele dumneavoastr\u0103, numele organiza\u021biei dumneavoastr\u0103, informa\u021biile de contact, precum \u0219i URL-ul site-ului dumneavoastr\u0103, o list\u0103 a tuturor URL-urilor de la care inten\u021biona\u021bi s\u0103 crea\u021bi un link c\u0103tre site-ul nostru \u0219i o list\u0103 a URL-urilor de pe site-ul nostru c\u0103tre care dori\u021bi s\u0103 crea\u021bi un link. A\u0219tepta\u021bi 2-3 s\u0103pt\u0103m\u00e2ni pentru un r\u0103spuns.<\/p>\r\n<p>Organiza\u021biile aprobate pot face hyperlink c\u0103tre site-ul nostru web dup\u0103 cum urmeaz\u0103:<\/p>\r\n<ul>\r\n<li>Prin utilizarea denumirii noastre corporative; sau<\/li>\r\n<li>Prin utilizarea localizatorului uniform de resurse la care se face leg\u0103tura; sau<\/li>\r\n<li>By use of any other description of our Website being linked to that makes sense within the context and format of content on the linking party&rsquo;s site.<\/li>\r\n<\/ul>\r\n<p>No use of Bear Grylls Gear&rsquo;s logo or other artwork will be allowed for linking absent a trademark license agreement.<\/p>\r\n<h3><strong>iFrames<\/strong><\/h3>\r\n<p>F\u0103r\u0103 aprobare prealabil\u0103 \u0219i permisiune scris\u0103, nu ave\u021bi voie s\u0103 crea\u021bi rame \u00een jurul paginilor noastre web care s\u0103 modifice \u00een vreun fel prezentarea vizual\u0103 sau aspectul site-ului nostru web.<\/p>\r\n<h3><strong>R\u0103spunderea pentru con\u021binut<\/strong><\/h3>\r\n<p>Nu vom fi considera\u021bi responsabili pentru niciun con\u021binut care apare pe site-ul dvs. web. Sunte\u021bi de acord s\u0103 ne proteja\u021bi \u0219i s\u0103 ne ap\u0103ra\u021bi \u00eempotriva tuturor reclama\u021biilor care se ridic\u0103 pe site-ul dvs. web. Nu trebuie s\u0103 apar\u0103 niciun link(uri) pe un site web care poate fi interpretat ca fiind def\u0103im\u0103tor, obscen sau criminal, sau care \u00eencalc\u0103, \u00eencalc\u0103 sau sus\u021bine \u00eenc\u0103lcarea sau alte \u00eenc\u0103lc\u0103ri ale drepturilor unei ter\u021be p\u0103r\u021bi.<\/p>\r\n<h3><strong>Rezerva de drepturi<\/strong><\/h3>\r\n<p>We reserve the right to request that you remove all links or any particular link to our Website. You approve to immediately remove all links to our Website upon request. We also reserve the right to amen these terms and conditions and it&rsquo;s linking policy at any time. By continuously linking to our Website, you agree to be bound to and follow these linking terms and conditions.<\/p>\r\n<h3><strong>Eliminarea linkurilor de pe site-ul nostru<\/strong><\/h3>\r\n<p>\u00cen cazul \u00een care g\u0103si\u021bi pe site-ul nostru un link care este ofensator din orice motiv, sunte\u021bi liber s\u0103 ne contacta\u021bi \u0219i s\u0103 ne informa\u021bi \u00een orice moment. Vom lua \u00een considerare cererile de eliminare a linkurilor, dar nu suntem obliga\u021bi s\u0103 facem acest lucru sau s\u0103 v\u0103 r\u0103spundem direct.<\/p>\r\n<p>Nu ne asigur\u0103m c\u0103 informa\u021biile de pe acest site web sunt corecte, nu garant\u0103m c\u0103 sunt complete sau exacte \u0219i nici nu promitem s\u0103 ne asigur\u0103m c\u0103 site-ul web r\u0103m\u00e2ne disponibil sau c\u0103 materialele de pe site sunt actualizate.<\/p>\r\n<h3><strong>Disclaimer<\/strong><\/h3>\r\n<p>\u00cen m\u0103sura maxim\u0103 permis\u0103 de legea aplicabil\u0103, excludem toate declara\u021biile, garan\u021biile \u0219i condi\u021biile referitoare la site-ul nostru web \u0219i la utilizarea acestuia. Nimic din aceast\u0103 clauz\u0103 de renun\u021bare nu va:<\/p>\r\n<ul>\r\n<li>limitarea sau excluderea r\u0103spunderii noastre sau a dumneavoastr\u0103 pentru deces sau v\u0103t\u0103mare corporal\u0103;<\/li>\r\n<li>limitarea sau excluderea r\u0103spunderii noastre sau a dumneavoastr\u0103 pentru fraud\u0103 sau fals \u00een declara\u021bii frauduloase;<\/li>\r\n<li>s\u0103 limiteze oricare dintre responsabilit\u0103\u021bile noastre sau ale dumneavoastr\u0103 \u00een orice mod care nu este permis de legisla\u021bia aplicabil\u0103; sau<\/li>\r\n<li>s\u0103 exclud\u0103 orice r\u0103spundere a noastr\u0103 sau a dumneavoastr\u0103 care nu poate fi exclus\u0103 \u00een temeiul legisla\u021biei aplicabile.<\/li>\r\n<\/ul>\r\n<p>Limit\u0103rile \u0219i interdic\u021biile de r\u0103spundere stabilite \u00een aceast\u0103 sec\u021biune \u0219i \u00een alte p\u0103r\u021bi ale acestei declara\u021bii de exonerare de r\u0103spundere: (a) fac obiectul paragrafului precedent; \u0219i (b) reglementeaz\u0103 toate r\u0103spunderile care decurg din aceast\u0103 declara\u021bie de exonerare de r\u0103spundere, inclusiv r\u0103spunderile care decurg din contract, din r\u0103spundere civil\u0103 delictual\u0103 \u0219i pentru \u00eenc\u0103lcarea obliga\u021biilor legale.<\/p>\r\n<p>At\u00e2ta timp c\u00e2t site-ul web \u0219i informa\u021biile \u0219i serviciile de pe site-ul web sunt furnizate gratuit, nu vom fi r\u0103spunz\u0103tori pentru nicio pierdere sau daun\u0103 de orice natur\u0103.<\/p>","protected":false},"excerpt":{"rendered":"<p>Bine a\u021bi venit la Bear Grylls Gear!<\/p>","protected":false},"author":3,"featured_media":0,"parent":0,"menu_order":0,"comment_status":"closed","ping_status":"closed","template":"","meta":{"footnotes":""},"class_list":["post-43","page","type-page","status-publish","hentry"],"yoast_head":"<!-- This site is optimized with the Yoast SEO plugin v27.5 - https:\/\/yoast.com\/product\/yoast-seo-wordpress\/ -->\n<title>Terms and Conditions | Beargryllsgear<\/title>\n<meta name=\"description\" content=\"Terms of Service - Bear Grylls Gear\" \/>\n<meta name=\"robots\" content=\"index, follow, max-snippet:-1, max-image-preview:large, max-video-preview:-1\" \/>\n<link rel=\"canonical\" href=\"https:\/\/beargryllsgear.org\/ro\/terms-of-service\/\" \/>\n<meta property=\"og:locale\" content=\"ro_RO\" \/>\n<meta property=\"og:type\" content=\"article\" \/>\n<meta property=\"og:title\" content=\"Terms and Conditions | Beargryllsgear\" \/>\n<meta property=\"og:description\" content=\"Terms of Service - Bear Grylls Gear\" \/>\n<meta property=\"og:url\" content=\"https:\/\/beargryllsgear.org\/ro\/terms-of-service\/\" \/>\n<meta property=\"og:site_name\" content=\"Beargryllsgear\" \/>\n<meta property=\"article:modified_time\" content=\"2023-07-26T00:25:42+00:00\" \/>\n<meta name=\"twitter:card\" content=\"summary_large_image\" \/>\n<meta name=\"twitter:label1\" content=\"Timp estimat pentru citire\" \/>\n\t<meta name=\"twitter:data1\" content=\"8 minute\" \/>\n<script type=\"application\/ld+json\" class=\"yoast-schema-graph\">{\"@context\":\"https:\\\/\\\/schema.org\",\"@graph\":[{\"@type\":\"WebPage\",\"@id\":\"https:\\\/\\\/beargryllsgear.org\\\/terms-of-service\\\/\",\"url\":\"https:\\\/\\\/beargryllsgear.org\\\/terms-of-service\\\/\",\"name\":\"Terms and Conditions | Beargryllsgear\",\"isPartOf\":{\"@id\":\"https:\\\/\\\/beargryllsgear.org\\\/#website\"},\"datePublished\":\"2022-04-03T13:52:47+00:00\",\"dateModified\":\"2023-07-26T00:25:42+00:00\",\"description\":\"Terms of Service - Bear Grylls Gear\",\"breadcrumb\":{\"@id\":\"https:\\\/\\\/beargryllsgear.org\\\/terms-of-service\\\/#breadcrumb\"},\"inLanguage\":\"ro-RO\",\"potentialAction\":[{\"@type\":\"ReadAction\",\"target\":[\"https:\\\/\\\/beargryllsgear.org\\\/terms-of-service\\\/\"]}]},{\"@type\":\"BreadcrumbList\",\"@id\":\"https:\\\/\\\/beargryllsgear.org\\\/terms-of-service\\\/#breadcrumb\",\"itemListElement\":[{\"@type\":\"ListItem\",\"position\":1,\"name\":\"Bear Grylls Gear\",\"item\":\"https:\\\/\\\/beargryllsgear.org\\\/\"},{\"@type\":\"ListItem\",\"position\":2,\"name\":\"Terms of Service\"}]},{\"@type\":\"WebSite\",\"@id\":\"https:\\\/\\\/beargryllsgear.org\\\/#website\",\"url\":\"https:\\\/\\\/beargryllsgear.org\\\/\",\"name\":\"Beargryllsgear\",\"description\":\"Survive in the Wild With the Latest Gear\",\"publisher\":{\"@id\":\"https:\\\/\\\/beargryllsgear.org\\\/#organization\"},\"potentialAction\":[{\"@type\":\"SearchAction\",\"target\":{\"@type\":\"EntryPoint\",\"urlTemplate\":\"https:\\\/\\\/beargryllsgear.org\\\/?s={search_term_string}\"},\"query-input\":{\"@type\":\"PropertyValueSpecification\",\"valueRequired\":true,\"valueName\":\"search_term_string\"}}],\"inLanguage\":\"ro-RO\"},{\"@type\":\"Organization\",\"@id\":\"https:\\\/\\\/beargryllsgear.org\\\/#organization\",\"name\":\"Bear Grylls Gear\",\"url\":\"https:\\\/\\\/beargryllsgear.org\\\/\",\"logo\":{\"@type\":\"ImageObject\",\"inLanguage\":\"ro-RO\",\"@id\":\"https:\\\/\\\/beargryllsgear.org\\\/#\\\/schema\\\/logo\\\/image\\\/\",\"url\":\"\",\"contentUrl\":\"\",\"caption\":\"Bear Grylls Gear\"},\"image\":{\"@id\":\"https:\\\/\\\/beargryllsgear.org\\\/#\\\/schema\\\/logo\\\/image\\\/\"}}]}<\/script>\n<!-- \/ Yoast SEO plugin. -->","yoast_head_json":{"title":"Terms and Conditions | Beargryllsgear","description":"Termeni de utilizare - Bear Grylls Gear","robots":{"index":"index","follow":"follow","max-snippet":"max-snippet:-1","max-image-preview":"max-image-preview:large","max-video-preview":"max-video-preview:-1"},"canonical":"https:\/\/beargryllsgear.org\/ro\/terms-of-service\/","og_locale":"ro_RO","og_type":"article","og_title":"Terms and Conditions | Beargryllsgear","og_description":"Terms of Service - Bear Grylls Gear","og_url":"https:\/\/beargryllsgear.org\/ro\/terms-of-service\/","og_site_name":"Beargryllsgear","article_modified_time":"2023-07-26T00:25:42+00:00","twitter_card":"summary_large_image","twitter_misc":{"Timp estimat pentru citire":"8 minute"},"schema":{"@context":"https:\/\/schema.org","@graph":[{"@type":"WebPage","@id":"https:\/\/beargryllsgear.org\/terms-of-service\/","url":"https:\/\/beargryllsgear.org\/terms-of-service\/","name":"Terms and Conditions | Beargryllsgear","isPartOf":{"@id":"https:\/\/beargryllsgear.org\/#website"},"datePublished":"2022-04-03T13:52:47+00:00","dateModified":"2023-07-26T00:25:42+00:00","description":"Termeni de utilizare - Bear Grylls Gear","breadcrumb":{"@id":"https:\/\/beargryllsgear.org\/terms-of-service\/#breadcrumb"},"inLanguage":"ro-RO","potentialAction":[{"@type":"ReadAction","target":["https:\/\/beargryllsgear.org\/terms-of-service\/"]}]},{"@type":"BreadcrumbList","@id":"https:\/\/beargryllsgear.org\/terms-of-service\/#breadcrumb","itemListElement":[{"@type":"ListItem","position":1,"name":"Bear Grylls Gear","item":"https:\/\/beargryllsgear.org\/"},{"@type":"ListItem","position":2,"name":"Terms of Service"}]},{"@type":"WebSite","@id":"https:\/\/beargryllsgear.org\/#website","url":"https:\/\/beargryllsgear.org\/","name":"Beargryllsgear","description":"Supravie\u021bui\u021bi \u00een s\u0103lb\u0103ticie cu cele mai noi echipamente","publisher":{"@id":"https:\/\/beargryllsgear.org\/#organization"},"potentialAction":[{"@type":"SearchAction","target":{"@type":"EntryPoint","urlTemplate":"https:\/\/beargryllsgear.org\/?s={search_term_string}"},"query-input":{"@type":"PropertyValueSpecification","valueRequired":true,"valueName":"search_term_string"}}],"inLanguage":"ro-RO"},{"@type":"Organization","@id":"https:\/\/beargryllsgear.org\/#organization","name":"Bear Grylls Gear","url":"https:\/\/beargryllsgear.org\/","logo":{"@type":"ImageObject","inLanguage":"ro-RO","@id":"https:\/\/beargryllsgear.org\/#\/schema\/logo\/image\/","url":"","contentUrl":"","caption":"Bear Grylls Gear"},"image":{"@id":"https:\/\/beargryllsgear.org\/#\/schema\/logo\/image\/"}}]}},"_links":{"self":[{"href":"https:\/\/beargryllsgear.org\/ro\/wp-json\/wp\/v2\/pages\/43","targetHints":{"allow":["GET"]}}],"collection":[{"href":"https:\/\/beargryllsgear.org\/ro\/wp-json\/wp\/v2\/pages"}],"about":[{"href":"https:\/\/beargryllsgear.org\/ro\/wp-json\/wp\/v2\/types\/page"}],"author":[{"embeddable":true,"href":"https:\/\/beargryllsgear.org\/ro\/wp-json\/wp\/v2\/users\/3"}],"replies":[{"embeddable":true,"href":"https:\/\/beargryllsgear.org\/ro\/wp-json\/wp\/v2\/comments?post=43"}],"version-history":[{"count":0,"href":"https:\/\/beargryllsgear.org\/ro\/wp-json\/wp\/v2\/pages\/43\/revisions"}],"wp:attachment":[{"href":"https:\/\/beargryllsgear.org\/ro\/wp-json\/wp\/v2\/media?parent=43"}],"curies":[{"name":"wp","href":"https:\/\/api.w.org\/{rel}","templated":true}]}}