{"id":53,"date":"2022-04-03T14:01:32","date_gmt":"2022-04-03T14:01:32","guid":{"rendered":"https:\/\/beargryllsgear.org\/?page_id=53"},"modified":"2023-10-04T23:20:33","modified_gmt":"2023-10-04T23:20:33","slug":"contact","status":"publish","type":"page","link":"https:\/\/beargryllsgear.org\/ro\/contactati\/","title":{"rendered":"Contacta\u021bi"},"content":{"rendered":"<p>If you&rsquo;d like to send us some feedback, email us at <a href=\"mailto:contact@beargryllsgear.org\">contact@beargryllsgear.org<\/a>. We read every email and usually reply within one business day.<\/p>\r\n<p><b>Contact Details<\/b><\/p>\r\n<p>&nbsp;<\/p>\r\n<p><b>Email<\/b> &ndash; <a href=\"mailto:contact@beargryllsgear.org\"><span class=\"show email-mailboxes-display__table__cell--detail\" data-heap-redact-text=\"true\" data-test-id=\"email-mailboxes-record__edit--supportEmail\">contact@beargryllsgear.org<\/span><\/a><\/p>\r\n<p>&nbsp;<\/p>\r\n<p>Do mention the site name &ndash; https:\/\/beargryllsgear.org\/ in the body of the email. Please note that due to the high number of inquiries that we receive, we can only reply to relevant propositions. Thank you.<\/p>\r\n<p>&nbsp;<\/p>\r\n<p>\r\n\r\n<\/p><div class=\"wpforms-container wpforms-container-full wpforms-block\" id=\"wpforms-50\"><form id=\"wpforms-form-50\" class=\"wpforms-validate wpforms-form wpforms-ajax-form\" data-formid=\"50\" method=\"post\" enctype=\"multipart\/form-data\" action=\"\/ro\/wp-json\/wp\/v2\/pages\/53\" data-token=\"c91d5207a717d2284beca1742cc863f2\" data-token-time=\"1777460382\"><noscript class=\"wpforms-error-noscript\">Please enable JavaScript in your browser to complete this form.<\/noscript><div class=\"wpforms-field-container\"><div id=\"wpforms-50-field_0-container\" class=\"wpforms-field wpforms-field-name\" data-field-id=\"0\"><label class=\"wpforms-field-label\">Name <span class=\"wpforms-required-label\">*<\/span><\/label><div class=\"wpforms-field-row wpforms-field-large\"><div class=\"wpforms-field-row-block wpforms-first wpforms-one-half\"><input type=\"text\" id=\"wpforms-50-field_0\" class=\"wpforms-field-name-first wpforms-field-required\" name=\"wpforms[fields][0][first]\" required><label for=\"wpforms-50-field_0\" class=\"wpforms-field-sublabel after\">First<\/label><\/div><div class=\"wpforms-field-row-block wpforms-one-half\"><input type=\"text\" id=\"wpforms-50-field_0-last\" class=\"wpforms-field-name-last wpforms-field-required\" name=\"wpforms[fields][0][last]\" required><label for=\"wpforms-50-field_0-last\" class=\"wpforms-field-sublabel after\">Last<\/label><\/div><\/div><\/div><div id=\"wpforms-50-field_1-container\" class=\"wpforms-field wpforms-field-email\" data-field-id=\"1\"><label class=\"wpforms-field-label\" for=\"wpforms-50-field_1\">Email <span class=\"wpforms-required-label\">*<\/span><\/label><input type=\"email\" id=\"wpforms-50-field_1\" class=\"wpforms-field-large wpforms-field-required\" name=\"wpforms[fields][1]\" spellcheck=\"false\" required><\/div><div id=\"wpforms-50-field_2-container\" class=\"wpforms-field wpforms-field-textarea\" data-field-id=\"2\"><label class=\"wpforms-field-label\" for=\"wpforms-50-field_2\">Comment or Message <span class=\"wpforms-required-label\">*<\/span><\/label><textarea id=\"wpforms-50-field_2\" class=\"wpforms-field-medium wpforms-field-required\" name=\"wpforms[fields][2]\" required><\/textarea><\/div><\/div><!-- .wpforms-field-container --><div class=\"wpforms-recaptcha-container wpforms-is-recaptcha wpforms-is-recaptcha-type-v3\"><input type=\"hidden\" name=\"wpforms[recaptcha]\" value=\"\"><\/div><div class=\"wpforms-submit-container\"><input type=\"hidden\" name=\"wpforms[id]\" value=\"50\"><input type=\"hidden\" name=\"page_title\" value=\"\"><input type=\"hidden\" name=\"page_url\" value=\"https:\/\/beargryllsgear.org\/ro\/wp-json\/wp\/v2\/pages\/53\"><input type=\"hidden\" name=\"url_referer\" value=\"\"><button type=\"submit\" name=\"wpforms[submit]\" id=\"wpforms-submit-50\" class=\"wpforms-submit\" data-alt-text=\"Sending...\" data-submit-text=\"Submit\" aria-live=\"assertive\" value=\"wpforms-submit\">Submit<\/button><img decoding=\"async\" src=\"https:\/\/beargryllsgear.org\/wp-content\/plugins\/wpforms-lite\/assets\/images\/submit-spin.svg\" class=\"wpforms-submit-spinner\" style=\"display: none;\" width=\"26\" height=\"26\" alt=\"Loading\"><\/div><\/form><\/div>  <!-- .wpforms-container -->","protected":false},"excerpt":{"rendered":"<p>If you&rsquo;d like to send us some feedback, email us at <a href=\"mailto:contact@beargryllsgear.org\">contact@beargryllsgear.org<\/a>. Citim fiecare e-mail \u0219i, de obicei, r\u0103spundem \u00een termen de o zi lucr\u0103toare.<\/p>","protected":false},"author":3,"featured_media":0,"parent":0,"menu_order":0,"comment_status":"closed","ping_status":"closed","template":"","meta":{"footnotes":""},"class_list":["post-53","page","type-page","status-publish","hentry"],"yoast_head":"<!-- This site is optimized with the Yoast SEO plugin v27.5 - https:\/\/yoast.com\/product\/yoast-seo-wordpress\/ -->\n<title>Contact | Beargryllsgear<\/title>\n<meta name=\"description\" content=\"Contact Us - Bear Grylls Gear\" \/>\n<meta name=\"robots\" content=\"index, follow, max-snippet:-1, max-image-preview:large, max-video-preview:-1\" \/>\n<link rel=\"canonical\" href=\"https:\/\/beargryllsgear.org\/ro\/contact\/\" \/>\n<meta property=\"og:locale\" content=\"ro_RO\" \/>\n<meta property=\"og:type\" content=\"article\" \/>\n<meta property=\"og:title\" content=\"Contact | Beargryllsgear\" \/>\n<meta property=\"og:description\" content=\"Contact Us - Bear Grylls Gear\" \/>\n<meta property=\"og:url\" content=\"https:\/\/beargryllsgear.org\/ro\/contact\/\" \/>\n<meta property=\"og:site_name\" content=\"Beargryllsgear\" \/>\n<meta property=\"article:modified_time\" content=\"2023-10-04T23:20:33+00:00\" \/>\n<meta name=\"twitter:card\" content=\"summary_large_image\" \/>\n<script type=\"application\/ld+json\" class=\"yoast-schema-graph\">{\"@context\":\"https:\\\/\\\/schema.org\",\"@graph\":[{\"@type\":\"WebPage\",\"@id\":\"https:\\\/\\\/beargryllsgear.org\\\/contact\\\/\",\"url\":\"https:\\\/\\\/beargryllsgear.org\\\/contact\\\/\",\"name\":\"Contact | Beargryllsgear\",\"isPartOf\":{\"@id\":\"https:\\\/\\\/beargryllsgear.org\\\/#website\"},\"datePublished\":\"2022-04-03T14:01:32+00:00\",\"dateModified\":\"2023-10-04T23:20:33+00:00\",\"description\":\"Contact Us - Bear Grylls Gear\",\"breadcrumb\":{\"@id\":\"https:\\\/\\\/beargryllsgear.org\\\/contact\\\/#breadcrumb\"},\"inLanguage\":\"ro-RO\",\"potentialAction\":[{\"@type\":\"ReadAction\",\"target\":[\"https:\\\/\\\/beargryllsgear.org\\\/contact\\\/\"]}]},{\"@type\":\"BreadcrumbList\",\"@id\":\"https:\\\/\\\/beargryllsgear.org\\\/contact\\\/#breadcrumb\",\"itemListElement\":[{\"@type\":\"ListItem\",\"position\":1,\"name\":\"Bear Grylls Gear\",\"item\":\"https:\\\/\\\/beargryllsgear.org\\\/\"},{\"@type\":\"ListItem\",\"position\":2,\"name\":\"Contact\"}]},{\"@type\":\"WebSite\",\"@id\":\"https:\\\/\\\/beargryllsgear.org\\\/#website\",\"url\":\"https:\\\/\\\/beargryllsgear.org\\\/\",\"name\":\"Beargryllsgear\",\"description\":\"Survive in the Wild With the Latest Gear\",\"publisher\":{\"@id\":\"https:\\\/\\\/beargryllsgear.org\\\/#organization\"},\"potentialAction\":[{\"@type\":\"SearchAction\",\"target\":{\"@type\":\"EntryPoint\",\"urlTemplate\":\"https:\\\/\\\/beargryllsgear.org\\\/?s={search_term_string}\"},\"query-input\":{\"@type\":\"PropertyValueSpecification\",\"valueRequired\":true,\"valueName\":\"search_term_string\"}}],\"inLanguage\":\"ro-RO\"},{\"@type\":\"Organization\",\"@id\":\"https:\\\/\\\/beargryllsgear.org\\\/#organization\",\"name\":\"Bear Grylls Gear\",\"url\":\"https:\\\/\\\/beargryllsgear.org\\\/\",\"logo\":{\"@type\":\"ImageObject\",\"inLanguage\":\"ro-RO\",\"@id\":\"https:\\\/\\\/beargryllsgear.org\\\/#\\\/schema\\\/logo\\\/image\\\/\",\"url\":\"\",\"contentUrl\":\"\",\"caption\":\"Bear Grylls Gear\"},\"image\":{\"@id\":\"https:\\\/\\\/beargryllsgear.org\\\/#\\\/schema\\\/logo\\\/image\\\/\"}}]}<\/script>\n<!-- \/ Yoast SEO plugin. -->","yoast_head_json":{"title":"Contact | Beargryllsgear","description":"Contacta\u021bi-ne - Bear Grylls Gear","robots":{"index":"index","follow":"follow","max-snippet":"max-snippet:-1","max-image-preview":"max-image-preview:large","max-video-preview":"max-video-preview:-1"},"canonical":"https:\/\/beargryllsgear.org\/ro\/contact\/","og_locale":"ro_RO","og_type":"article","og_title":"Contact | Beargryllsgear","og_description":"Contact Us - Bear Grylls Gear","og_url":"https:\/\/beargryllsgear.org\/ro\/contact\/","og_site_name":"Beargryllsgear","article_modified_time":"2023-10-04T23:20:33+00:00","twitter_card":"summary_large_image","schema":{"@context":"https:\/\/schema.org","@graph":[{"@type":"WebPage","@id":"https:\/\/beargryllsgear.org\/contact\/","url":"https:\/\/beargryllsgear.org\/contact\/","name":"Contact | Beargryllsgear","isPartOf":{"@id":"https:\/\/beargryllsgear.org\/#website"},"datePublished":"2022-04-03T14:01:32+00:00","dateModified":"2023-10-04T23:20:33+00:00","description":"Contacta\u021bi-ne - Bear Grylls Gear","breadcrumb":{"@id":"https:\/\/beargryllsgear.org\/contact\/#breadcrumb"},"inLanguage":"ro-RO","potentialAction":[{"@type":"ReadAction","target":["https:\/\/beargryllsgear.org\/contact\/"]}]},{"@type":"BreadcrumbList","@id":"https:\/\/beargryllsgear.org\/contact\/#breadcrumb","itemListElement":[{"@type":"ListItem","position":1,"name":"Bear Grylls Gear","item":"https:\/\/beargryllsgear.org\/"},{"@type":"ListItem","position":2,"name":"Contact"}]},{"@type":"WebSite","@id":"https:\/\/beargryllsgear.org\/#website","url":"https:\/\/beargryllsgear.org\/","name":"Beargryllsgear","description":"Supravie\u021bui\u021bi \u00een s\u0103lb\u0103ticie cu cele mai noi echipamente","publisher":{"@id":"https:\/\/beargryllsgear.org\/#organization"},"potentialAction":[{"@type":"SearchAction","target":{"@type":"EntryPoint","urlTemplate":"https:\/\/beargryllsgear.org\/?s={search_term_string}"},"query-input":{"@type":"PropertyValueSpecification","valueRequired":true,"valueName":"search_term_string"}}],"inLanguage":"ro-RO"},{"@type":"Organization","@id":"https:\/\/beargryllsgear.org\/#organization","name":"Bear Grylls Gear","url":"https:\/\/beargryllsgear.org\/","logo":{"@type":"ImageObject","inLanguage":"ro-RO","@id":"https:\/\/beargryllsgear.org\/#\/schema\/logo\/image\/","url":"","contentUrl":"","caption":"Bear Grylls Gear"},"image":{"@id":"https:\/\/beargryllsgear.org\/#\/schema\/logo\/image\/"}}]}},"_links":{"self":[{"href":"https:\/\/beargryllsgear.org\/ro\/wp-json\/wp\/v2\/pages\/53","targetHints":{"allow":["GET"]}}],"collection":[{"href":"https:\/\/beargryllsgear.org\/ro\/wp-json\/wp\/v2\/pages"}],"about":[{"href":"https:\/\/beargryllsgear.org\/ro\/wp-json\/wp\/v2\/types\/page"}],"author":[{"embeddable":true,"href":"https:\/\/beargryllsgear.org\/ro\/wp-json\/wp\/v2\/users\/3"}],"replies":[{"embeddable":true,"href":"https:\/\/beargryllsgear.org\/ro\/wp-json\/wp\/v2\/comments?post=53"}],"version-history":[{"count":0,"href":"https:\/\/beargryllsgear.org\/ro\/wp-json\/wp\/v2\/pages\/53\/revisions"}],"wp:attachment":[{"href":"https:\/\/beargryllsgear.org\/ro\/wp-json\/wp\/v2\/media?parent=53"}],"curies":[{"name":"wp","href":"https:\/\/api.w.org\/{rel}","templated":true}]}}