{"id":5643,"date":"2022-10-28T08:52:03","date_gmt":"2022-10-28T08:52:03","guid":{"rendered":"https:\/\/beargryllsgear.org\/?page_id=5643"},"modified":"2023-07-26T00:24:29","modified_gmt":"2023-07-26T00:24:29","slug":"privacy-policy","status":"publish","type":"page","link":"https:\/\/beargryllsgear.org\/ro\/5643-2\/","title":{"rendered":"Politica de confiden\u021bialitate pentru Bear Grylls Gear"},"content":{"rendered":"<p>La Bear Grylls Gear, accesibil de la https:\/\/beargryllsgear.org\/, una dintre priorit\u0103\u021bile noastre principale este confiden\u021bialitatea vizitatorilor no\u0219tri. Acest document privind politica de confiden\u021bialitate con\u021bine tipurile de informa\u021bii care sunt colectate \u0219i \u00eenregistrate de Bear Grylls Gear \u0219i modul \u00een care le folosim.<\/p>\r\n<p>Dac\u0103 ave\u021bi \u00eentreb\u0103ri suplimentare sau dac\u0103 ave\u021bi nevoie de mai multe informa\u021bii despre Politica noastr\u0103 de confiden\u021bialitate, nu ezita\u021bi s\u0103 ne contacta\u021bi.<\/p>\r\n<h2>Fi\u0219iere jurnal<\/h2>\r\n<p>Bear Grylls Gear follows a standard procedure of using log files. These files log visitors when they visit websites. All hosting companies do this and a part of hosting services&rsquo; analytics. The information collected by log files include internet protocol (IP) addresses, browser type, Internet Service Provider (ISP), date and time stamp, referring\/exit pages, and possibly the number of clicks. These are not linked to any information that is personally identifiable. The purpose of the information is for analyzing trends, administering the site, tracking users&rsquo; movement on the website, and gathering demographic information.<\/p>\r\n<h2>Cookie-uri \u0219i balize web<\/h2>\r\n<p>Like any other website, Bear Grylls Gear uses &lsquo;cookies&rsquo;. These cookies are used to store information including visitors&rsquo; preferences, and the pages on the website that the visitor accessed or visited. The information is used to optimize the users&rsquo; experience by customizing our web page content based on visitors&rsquo; browser type and\/or other information.<\/p>\r\n<h2>Partenerii no\u0219tri de publicitate<\/h2>\r\n<p>Unii dintre agen\u021bii de publicitate de pe site-ul nostru pot utiliza module cookie \u0219i balize web. Partenerii no\u0219tri publicitari sunt enumera\u021bi mai jos. Fiecare dintre partenerii no\u0219tri publicitari are propria politic\u0103 de confiden\u021bialitate pentru politicile lor privind datele utilizatorilor. Pentru un acces mai u\u0219or, am f\u0103cut un hyperlink c\u0103tre politicile lor de confiden\u021bialitate de mai jos.<\/p>\r\n<ul>\r\n<li>\r\n<p>Google<\/p>\r\n<p><a href=\"https:\/\/policies.google.com\/technologies\/ads\" target=\"_blank\" rel=\"noopener\">https:\/\/policies.google.com\/technologies\/ads<\/a><\/p>\r\n<\/li>\r\n<\/ul>\r\n<h2>Politici de confiden\u021bialitate<\/h2>\r\n<p>Pute\u021bi consulta aceast\u0103 list\u0103 pentru a g\u0103si Politica de confiden\u021bialitate pentru fiecare dintre partenerii publicitari ai Bear Grylls Gear.<\/p>\r\n<p>Third-party ad servers or ad networks uses technologies like cookies, JavaScript, or Web Beacons that are used in their respective advertisements and links that appear on Bear Grylls Gear, which are sent directly to users&rsquo; browser. They automatically receive your IP address when this occurs. These technologies are used to measure the effectiveness of their advertising campaigns and\/or to personalize the advertising content that you see on websites that you visit.<\/p>\r\n<p>Re\u021bine\u021bi c\u0103 Bear Grylls Gear nu are acces sau control asupra acestor cookie-uri care sunt utilizate de c\u0103tre agen\u021bii de publicitate ter\u021bi.<\/p>\r\n<h2>Politicile de confiden\u021bialitate ale ter\u021bilor<\/h2>\r\n<p>Bear Grylls Gear&rsquo;s Privacy Policy does not apply to other advertisers or websites. Thus, we are advising you to consult the respective Privacy Policies of these third-party ad servers for more detailed information. It may include their practices and instructions about how to opt-out of certain options.<\/p>\r\n<p>You can choose to disable cookies through your individual browser options. To know more detailed information about cookie management with specific web browsers, it can be found at the browsers&rsquo; respective websites. What Are Cookies?<\/p>\r\n<h2>Children&rsquo;s Information<\/h2>\r\n<p>O alt\u0103 parte a priorit\u0103\u021bii noastre este ad\u0103ugarea de protec\u021bie pentru copii \u00een timpul utiliz\u0103rii internetului. \u00cencuraj\u0103m p\u0103rin\u021bii \u0219i tutorii s\u0103 observe, s\u0103 participe \u0219i\/sau s\u0103 monitorizeze \u0219i s\u0103 \u00eendrume activitatea online a copiilor.<\/p>\r\n<p>Bear Grylls Gear nu colecteaz\u0103 cu bun\u0103 \u0219tiin\u021b\u0103 informa\u021bii personale identificabile de la copii cu v\u00e2rsta sub 13 ani. Dac\u0103 crede\u021bi c\u0103 copilul dvs. a furnizat acest tip de informa\u021bii pe site-ul nostru, v\u0103 \u00eencuraj\u0103m cu t\u0103rie s\u0103 ne contacta\u021bi imediat \u0219i vom face tot posibilul pentru a elimina imediat aceste informa\u021bii din \u00eenregistr\u0103rile noastre.<\/p>\r\n<h2>Doar politica de confiden\u021bialitate online<\/h2>\r\n<p>Aceast\u0103 politic\u0103 de confiden\u021bialitate se aplic\u0103 numai activit\u0103\u021bilor noastre online \u0219i este valabil\u0103 pentru vizitatorii site-ului nostru \u00een ceea ce prive\u0219te informa\u021biile pe care le-au \u00eemp\u0103rt\u0103\u0219it \u0219i\/sau colectat \u00een Bear Grylls Gear. Aceast\u0103 politic\u0103 nu este aplicabil\u0103 oric\u0103ror informa\u021bii colectate offline sau prin alte canale dec\u00e2t acest site web.<\/p>\r\n<h2>Consim\u021b\u0103m\u00e2nt<\/h2>\r\n<p>Prin utilizarea site-ului nostru web, sunte\u021bi de acord cu Politica noastr\u0103 de confiden\u021bialitate \u0219i accepta\u021bi Termenii \u0219i condi\u021biile acesteia.<\/p>","protected":false},"excerpt":{"rendered":"<p>La Bear Grylls Gear, accesibil de la https:\/\/beargryllsgear.org\/, una dintre priorit\u0103\u021bile noastre principale este confiden\u021bialitatea vizitatorilor no\u0219tri. Acest document privind politica de confiden\u021bialitate con\u021bine tipurile de informa\u021bii care sunt colectate \u0219i \u00eenregistrate de Bear Grylls Gear \u0219i modul \u00een care le folosim.<\/p>","protected":false},"author":3,"featured_media":0,"parent":0,"menu_order":0,"comment_status":"closed","ping_status":"closed","template":"","meta":{"footnotes":""},"class_list":["post-5643","page","type-page","status-publish","hentry"],"yoast_head":"<!-- This site is optimized with the Yoast SEO plugin v27.5 - https:\/\/yoast.com\/product\/yoast-seo-wordpress\/ -->\n<title>Privacy Policy for Bear Grylls Gear | Beargryllsgear<\/title>\n<meta name=\"robots\" content=\"index, follow, max-snippet:-1, max-image-preview:large, max-video-preview:-1\" \/>\n<link rel=\"canonical\" href=\"https:\/\/beargryllsgear.org\/ro\/privacy-policy\/\" \/>\n<meta property=\"og:locale\" content=\"ro_RO\" \/>\n<meta property=\"og:type\" content=\"article\" \/>\n<meta property=\"og:title\" content=\"Privacy Policy for Bear Grylls Gear | Beargryllsgear\" \/>\n<meta property=\"og:description\" content=\"At Bear Grylls Gear, accessible from https:\/\/beargryllsgear.org\/, one of our main priorities is the privacy of our visitors. This Privacy Policy document contains types of information that is collected and recorded by Bear Grylls Gear and how we use it.\" \/>\n<meta property=\"og:url\" content=\"https:\/\/beargryllsgear.org\/ro\/privacy-policy\/\" \/>\n<meta property=\"og:site_name\" content=\"Beargryllsgear\" \/>\n<meta property=\"article:modified_time\" content=\"2023-07-26T00:24:29+00:00\" \/>\n<meta name=\"twitter:card\" content=\"summary_large_image\" \/>\n<meta name=\"twitter:label1\" content=\"Timp estimat pentru citire\" \/>\n\t<meta name=\"twitter:data1\" content=\"3 minute\" \/>\n<script type=\"application\/ld+json\" class=\"yoast-schema-graph\">{\"@context\":\"https:\\\/\\\/schema.org\",\"@graph\":[{\"@type\":\"WebPage\",\"@id\":\"https:\\\/\\\/beargryllsgear.org\\\/privacy-policy\\\/\",\"url\":\"https:\\\/\\\/beargryllsgear.org\\\/privacy-policy\\\/\",\"name\":\"Privacy Policy for Bear Grylls Gear | Beargryllsgear\",\"isPartOf\":{\"@id\":\"https:\\\/\\\/beargryllsgear.org\\\/#website\"},\"datePublished\":\"2022-10-28T08:52:03+00:00\",\"dateModified\":\"2023-07-26T00:24:29+00:00\",\"breadcrumb\":{\"@id\":\"https:\\\/\\\/beargryllsgear.org\\\/privacy-policy\\\/#breadcrumb\"},\"inLanguage\":\"ro-RO\",\"potentialAction\":[{\"@type\":\"ReadAction\",\"target\":[\"https:\\\/\\\/beargryllsgear.org\\\/privacy-policy\\\/\"]}]},{\"@type\":\"BreadcrumbList\",\"@id\":\"https:\\\/\\\/beargryllsgear.org\\\/privacy-policy\\\/#breadcrumb\",\"itemListElement\":[{\"@type\":\"ListItem\",\"position\":1,\"name\":\"Bear Grylls Gear\",\"item\":\"https:\\\/\\\/beargryllsgear.org\\\/\"},{\"@type\":\"ListItem\",\"position\":2,\"name\":\"Privacy Policy for Bear Grylls Gear\"}]},{\"@type\":\"WebSite\",\"@id\":\"https:\\\/\\\/beargryllsgear.org\\\/#website\",\"url\":\"https:\\\/\\\/beargryllsgear.org\\\/\",\"name\":\"Beargryllsgear\",\"description\":\"Survive in the Wild With the Latest Gear\",\"publisher\":{\"@id\":\"https:\\\/\\\/beargryllsgear.org\\\/#organization\"},\"potentialAction\":[{\"@type\":\"SearchAction\",\"target\":{\"@type\":\"EntryPoint\",\"urlTemplate\":\"https:\\\/\\\/beargryllsgear.org\\\/?s={search_term_string}\"},\"query-input\":{\"@type\":\"PropertyValueSpecification\",\"valueRequired\":true,\"valueName\":\"search_term_string\"}}],\"inLanguage\":\"ro-RO\"},{\"@type\":\"Organization\",\"@id\":\"https:\\\/\\\/beargryllsgear.org\\\/#organization\",\"name\":\"Bear Grylls Gear\",\"url\":\"https:\\\/\\\/beargryllsgear.org\\\/\",\"logo\":{\"@type\":\"ImageObject\",\"inLanguage\":\"ro-RO\",\"@id\":\"https:\\\/\\\/beargryllsgear.org\\\/#\\\/schema\\\/logo\\\/image\\\/\",\"url\":\"\",\"contentUrl\":\"\",\"caption\":\"Bear Grylls Gear\"},\"image\":{\"@id\":\"https:\\\/\\\/beargryllsgear.org\\\/#\\\/schema\\\/logo\\\/image\\\/\"}}]}<\/script>\n<!-- \/ Yoast SEO plugin. -->","yoast_head_json":{"title":"Privacy Policy for Bear Grylls Gear | Beargryllsgear","robots":{"index":"index","follow":"follow","max-snippet":"max-snippet:-1","max-image-preview":"max-image-preview:large","max-video-preview":"max-video-preview:-1"},"canonical":"https:\/\/beargryllsgear.org\/ro\/privacy-policy\/","og_locale":"ro_RO","og_type":"article","og_title":"Privacy Policy for Bear Grylls Gear | Beargryllsgear","og_description":"At Bear Grylls Gear, accessible from https:\/\/beargryllsgear.org\/, one of our main priorities is the privacy of our visitors. This Privacy Policy document contains types of information that is collected and recorded by Bear Grylls Gear and how we use it.","og_url":"https:\/\/beargryllsgear.org\/ro\/privacy-policy\/","og_site_name":"Beargryllsgear","article_modified_time":"2023-07-26T00:24:29+00:00","twitter_card":"summary_large_image","twitter_misc":{"Timp estimat pentru citire":"3 minute"},"schema":{"@context":"https:\/\/schema.org","@graph":[{"@type":"WebPage","@id":"https:\/\/beargryllsgear.org\/privacy-policy\/","url":"https:\/\/beargryllsgear.org\/privacy-policy\/","name":"Privacy Policy for Bear Grylls Gear | Beargryllsgear","isPartOf":{"@id":"https:\/\/beargryllsgear.org\/#website"},"datePublished":"2022-10-28T08:52:03+00:00","dateModified":"2023-07-26T00:24:29+00:00","breadcrumb":{"@id":"https:\/\/beargryllsgear.org\/privacy-policy\/#breadcrumb"},"inLanguage":"ro-RO","potentialAction":[{"@type":"ReadAction","target":["https:\/\/beargryllsgear.org\/privacy-policy\/"]}]},{"@type":"BreadcrumbList","@id":"https:\/\/beargryllsgear.org\/privacy-policy\/#breadcrumb","itemListElement":[{"@type":"ListItem","position":1,"name":"Bear Grylls Gear","item":"https:\/\/beargryllsgear.org\/"},{"@type":"ListItem","position":2,"name":"Privacy Policy for Bear Grylls Gear"}]},{"@type":"WebSite","@id":"https:\/\/beargryllsgear.org\/#website","url":"https:\/\/beargryllsgear.org\/","name":"Beargryllsgear","description":"Supravie\u021bui\u021bi \u00een s\u0103lb\u0103ticie cu cele mai noi echipamente","publisher":{"@id":"https:\/\/beargryllsgear.org\/#organization"},"potentialAction":[{"@type":"SearchAction","target":{"@type":"EntryPoint","urlTemplate":"https:\/\/beargryllsgear.org\/?s={search_term_string}"},"query-input":{"@type":"PropertyValueSpecification","valueRequired":true,"valueName":"search_term_string"}}],"inLanguage":"ro-RO"},{"@type":"Organization","@id":"https:\/\/beargryllsgear.org\/#organization","name":"Bear Grylls Gear","url":"https:\/\/beargryllsgear.org\/","logo":{"@type":"ImageObject","inLanguage":"ro-RO","@id":"https:\/\/beargryllsgear.org\/#\/schema\/logo\/image\/","url":"","contentUrl":"","caption":"Bear Grylls Gear"},"image":{"@id":"https:\/\/beargryllsgear.org\/#\/schema\/logo\/image\/"}}]}},"_links":{"self":[{"href":"https:\/\/beargryllsgear.org\/ro\/wp-json\/wp\/v2\/pages\/5643","targetHints":{"allow":["GET"]}}],"collection":[{"href":"https:\/\/beargryllsgear.org\/ro\/wp-json\/wp\/v2\/pages"}],"about":[{"href":"https:\/\/beargryllsgear.org\/ro\/wp-json\/wp\/v2\/types\/page"}],"author":[{"embeddable":true,"href":"https:\/\/beargryllsgear.org\/ro\/wp-json\/wp\/v2\/users\/3"}],"replies":[{"embeddable":true,"href":"https:\/\/beargryllsgear.org\/ro\/wp-json\/wp\/v2\/comments?post=5643"}],"version-history":[{"count":0,"href":"https:\/\/beargryllsgear.org\/ro\/wp-json\/wp\/v2\/pages\/5643\/revisions"}],"wp:attachment":[{"href":"https:\/\/beargryllsgear.org\/ro\/wp-json\/wp\/v2\/media?parent=5643"}],"curies":[{"name":"wp","href":"https:\/\/api.w.org\/{rel}","templated":true}]}}