{"id":6072,"date":"2018-04-27T15:13:43","date_gmt":"2018-04-27T15:13:43","guid":{"rendered":"http:\/\/localhost\/magazined\/shop\/"},"modified":"2018-04-27T15:13:43","modified_gmt":"2018-04-27T15:13:43","slug":"shop","status":"publish","type":"page","link":"https:\/\/beargryllsgear.org\/ro\/magazin\/","title":{"rendered":"Magazin"},"content":{"rendered":"","protected":false},"excerpt":{"rendered":"","protected":false},"author":3,"featured_media":0,"parent":0,"menu_order":0,"comment_status":"closed","ping_status":"closed","template":"","meta":{"footnotes":""},"class_list":["post-6072","page","type-page","status-publish","hentry"],"yoast_head":"<!-- This site is optimized with the Yoast SEO plugin v27.6 - https:\/\/yoast.com\/product\/yoast-seo-wordpress\/ -->\n<title>Shop | Beargryllsgear<\/title>\n<meta name=\"robots\" content=\"index, follow, max-snippet:-1, max-image-preview:large, max-video-preview:-1\" \/>\n<link rel=\"canonical\" href=\"https:\/\/beargryllsgear.org\/ro\/shop\/\" \/>\n<meta property=\"og:locale\" content=\"ro_RO\" \/>\n<meta property=\"og:type\" content=\"article\" \/>\n<meta property=\"og:title\" content=\"Shop | Beargryllsgear\" \/>\n<meta property=\"og:url\" content=\"https:\/\/beargryllsgear.org\/ro\/shop\/\" \/>\n<meta property=\"og:site_name\" content=\"Beargryllsgear\" \/>\n<meta name=\"twitter:card\" content=\"summary_large_image\" \/>\n<script type=\"application\/ld+json\" class=\"yoast-schema-graph\">{\"@context\":\"https:\\\/\\\/schema.org\",\"@graph\":[{\"@type\":\"WebPage\",\"@id\":\"https:\\\/\\\/beargryllsgear.org\\\/shop\\\/\",\"url\":\"https:\\\/\\\/beargryllsgear.org\\\/shop\\\/\",\"name\":\"Shop | Beargryllsgear\",\"isPartOf\":{\"@id\":\"https:\\\/\\\/beargryllsgear.org\\\/#website\"},\"datePublished\":\"2018-04-27T15:13:43+00:00\",\"breadcrumb\":{\"@id\":\"https:\\\/\\\/beargryllsgear.org\\\/shop\\\/#breadcrumb\"},\"inLanguage\":\"ro-RO\",\"potentialAction\":[{\"@type\":\"ReadAction\",\"target\":[\"https:\\\/\\\/beargryllsgear.org\\\/shop\\\/\"]}]},{\"@type\":\"BreadcrumbList\",\"@id\":\"https:\\\/\\\/beargryllsgear.org\\\/shop\\\/#breadcrumb\",\"itemListElement\":[{\"@type\":\"ListItem\",\"position\":1,\"name\":\"Bear Grylls Gear\",\"item\":\"https:\\\/\\\/beargryllsgear.org\\\/\"},{\"@type\":\"ListItem\",\"position\":2,\"name\":\"Shop\"}]},{\"@type\":\"WebSite\",\"@id\":\"https:\\\/\\\/beargryllsgear.org\\\/#website\",\"url\":\"https:\\\/\\\/beargryllsgear.org\\\/\",\"name\":\"Beargryllsgear\",\"description\":\"Survive in the Wild With the Latest Gear\",\"publisher\":{\"@id\":\"https:\\\/\\\/beargryllsgear.org\\\/#organization\"},\"potentialAction\":[{\"@type\":\"SearchAction\",\"target\":{\"@type\":\"EntryPoint\",\"urlTemplate\":\"https:\\\/\\\/beargryllsgear.org\\\/?s={search_term_string}\"},\"query-input\":{\"@type\":\"PropertyValueSpecification\",\"valueRequired\":true,\"valueName\":\"search_term_string\"}}],\"inLanguage\":\"ro-RO\"},{\"@type\":\"Organization\",\"@id\":\"https:\\\/\\\/beargryllsgear.org\\\/#organization\",\"name\":\"Bear Grylls Gear\",\"url\":\"https:\\\/\\\/beargryllsgear.org\\\/\",\"logo\":{\"@type\":\"ImageObject\",\"inLanguage\":\"ro-RO\",\"@id\":\"https:\\\/\\\/beargryllsgear.org\\\/#\\\/schema\\\/logo\\\/image\\\/\",\"url\":\"\",\"contentUrl\":\"\",\"caption\":\"Bear Grylls Gear\"},\"image\":{\"@id\":\"https:\\\/\\\/beargryllsgear.org\\\/#\\\/schema\\\/logo\\\/image\\\/\"}}]}<\/script>\n<!-- \/ Yoast SEO plugin. -->","yoast_head_json":{"title":"Shop | Beargryllsgear","robots":{"index":"index","follow":"follow","max-snippet":"max-snippet:-1","max-image-preview":"max-image-preview:large","max-video-preview":"max-video-preview:-1"},"canonical":"https:\/\/beargryllsgear.org\/ro\/shop\/","og_locale":"ro_RO","og_type":"article","og_title":"Shop | Beargryllsgear","og_url":"https:\/\/beargryllsgear.org\/ro\/shop\/","og_site_name":"Beargryllsgear","twitter_card":"summary_large_image","schema":{"@context":"https:\/\/schema.org","@graph":[{"@type":"WebPage","@id":"https:\/\/beargryllsgear.org\/shop\/","url":"https:\/\/beargryllsgear.org\/shop\/","name":"Shop | Beargryllsgear","isPartOf":{"@id":"https:\/\/beargryllsgear.org\/#website"},"datePublished":"2018-04-27T15:13:43+00:00","breadcrumb":{"@id":"https:\/\/beargryllsgear.org\/shop\/#breadcrumb"},"inLanguage":"ro-RO","potentialAction":[{"@type":"ReadAction","target":["https:\/\/beargryllsgear.org\/shop\/"]}]},{"@type":"BreadcrumbList","@id":"https:\/\/beargryllsgear.org\/shop\/#breadcrumb","itemListElement":[{"@type":"ListItem","position":1,"name":"Bear Grylls Gear","item":"https:\/\/beargryllsgear.org\/"},{"@type":"ListItem","position":2,"name":"Shop"}]},{"@type":"WebSite","@id":"https:\/\/beargryllsgear.org\/#website","url":"https:\/\/beargryllsgear.org\/","name":"Beargryllsgear","description":"Supravie\u021bui\u021bi \u00een s\u0103lb\u0103ticie cu cele mai noi echipamente","publisher":{"@id":"https:\/\/beargryllsgear.org\/#organization"},"potentialAction":[{"@type":"SearchAction","target":{"@type":"EntryPoint","urlTemplate":"https:\/\/beargryllsgear.org\/?s={search_term_string}"},"query-input":{"@type":"PropertyValueSpecification","valueRequired":true,"valueName":"search_term_string"}}],"inLanguage":"ro-RO"},{"@type":"Organization","@id":"https:\/\/beargryllsgear.org\/#organization","name":"Bear Grylls Gear","url":"https:\/\/beargryllsgear.org\/","logo":{"@type":"ImageObject","inLanguage":"ro-RO","@id":"https:\/\/beargryllsgear.org\/#\/schema\/logo\/image\/","url":"","contentUrl":"","caption":"Bear Grylls Gear"},"image":{"@id":"https:\/\/beargryllsgear.org\/#\/schema\/logo\/image\/"}}]}},"_links":{"self":[{"href":"https:\/\/beargryllsgear.org\/ro\/wp-json\/wp\/v2\/pages\/6072","targetHints":{"allow":["GET"]}}],"collection":[{"href":"https:\/\/beargryllsgear.org\/ro\/wp-json\/wp\/v2\/pages"}],"about":[{"href":"https:\/\/beargryllsgear.org\/ro\/wp-json\/wp\/v2\/types\/page"}],"author":[{"embeddable":true,"href":"https:\/\/beargryllsgear.org\/ro\/wp-json\/wp\/v2\/users\/3"}],"replies":[{"embeddable":true,"href":"https:\/\/beargryllsgear.org\/ro\/wp-json\/wp\/v2\/comments?post=6072"}],"version-history":[{"count":0,"href":"https:\/\/beargryllsgear.org\/ro\/wp-json\/wp\/v2\/pages\/6072\/revisions"}],"wp:attachment":[{"href":"https:\/\/beargryllsgear.org\/ro\/wp-json\/wp\/v2\/media?parent=6072"}],"curies":[{"name":"wp","href":"https:\/\/api.w.org\/{rel}","templated":true}]}}